{"id":46,"date":"2020-04-11T19:52:35","date_gmt":"2020-04-11T22:52:35","guid":{"rendered":"https:\/\/www.zoomopticas.com.ar\/?page_id=46"},"modified":"2024-01-23T14:35:50","modified_gmt":"2024-01-23T17:35:50","slug":"una-seccion-de-la-pagina-de-inicio","status":"publish","type":"page","link":"https:\/\/www.zoomopticas.com.ar\/index.php\/una-seccion-de-la-pagina-de-inicio\/","title":{"rendered":"Tienda virtual"},"content":{"rendered":"\n<p>En nuestra tienda virtual encontrar\u00e1s  todos nuestros modelos. Acced\u00e9 a todas las promociones de Mercado Pago. Realizamos env\u00edos a todo el pa\u00eds.<\/p>\n\n\n\n<div class=\"wp-block-group\"><div class=\"wp-block-group__inner-container is-layout-constrained wp-block-group-is-layout-constrained\">\n<div class=\"wp-block-columns is-layout-flex wp-container-core-columns-is-layout-9d6595d7 wp-block-columns-is-layout-flex\">\n<div class=\"wp-block-column is-layout-flow wp-block-column-is-layout-flow\" style=\"flex-basis:100%\">\n<div class=\"wp-block-group\"><div class=\"wp-block-group__inner-container is-layout-constrained wp-block-group-is-layout-constrained\">\n<div class=\"wp-block-group\"><div class=\"wp-block-group__inner-container is-layout-constrained wp-block-group-is-layout-constrained\">\n<div class=\"wp-block-buttons is-content-justification-center is-layout-flex wp-container-core-buttons-is-layout-16018d1d wp-block-buttons-is-layout-flex\">\n<div class=\"wp-block-button\"><a class=\"wp-block-button__link has-very-dark-gray-background-color has-background wp-element-button\" href=\"https:\/\/zoomopticas.mercadoshops.com.ar\/\" target=\"_blank\" rel=\"noreferrer noopener\">BUENOS AIRES<\/a><\/div>\n\n\n\n<div class=\"wp-block-button\"><a class=\"wp-block-button__link has-very-dark-gray-background-color has-background wp-element-button\" href=\"https:\/\/zoomopticascba.mercadoshops.com.ar\/\" target=\"_blank\" rel=\"noreferrer noopener\">C\u00d3RDOBA<\/a><\/div>\n<\/div>\n<\/div><\/div>\n<\/div><\/div>\n<\/div>\n<\/div>\n<\/div><\/div>\n","protected":false},"excerpt":{"rendered":"<p>En nuestra tienda virtual encontrar\u00e1s todos nuestros modelos. Acced\u00e9 a todas las promociones de Mercado Pago. Realizamos env\u00edos a todo el pa\u00eds.<\/p>\n","protected":false},"author":3,"featured_media":83,"parent":0,"menu_order":0,"comment_status":"closed","ping_status":"closed","template":"","meta":{"_joinchat":[],"footnotes":""},"class_list":["post-46","page","type-page","status-publish","has-post-thumbnail","hentry"],"_links":{"self":[{"href":"https:\/\/www.zoomopticas.com.ar\/index.php\/wp-json\/wp\/v2\/pages\/46","targetHints":{"allow":["GET"]}}],"collection":[{"href":"https:\/\/www.zoomopticas.com.ar\/index.php\/wp-json\/wp\/v2\/pages"}],"about":[{"href":"https:\/\/www.zoomopticas.com.ar\/index.php\/wp-json\/wp\/v2\/types\/page"}],"author":[{"embeddable":true,"href":"https:\/\/www.zoomopticas.com.ar\/index.php\/wp-json\/wp\/v2\/users\/3"}],"replies":[{"embeddable":true,"href":"https:\/\/www.zoomopticas.com.ar\/index.php\/wp-json\/wp\/v2\/comments?post=46"}],"version-history":[{"count":14,"href":"https:\/\/www.zoomopticas.com.ar\/index.php\/wp-json\/wp\/v2\/pages\/46\/revisions"}],"predecessor-version":[{"id":175,"href":"https:\/\/www.zoomopticas.com.ar\/index.php\/wp-json\/wp\/v2\/pages\/46\/revisions\/175"}],"wp:featuredmedia":[{"embeddable":true,"href":"https:\/\/www.zoomopticas.com.ar\/index.php\/wp-json\/wp\/v2\/media\/83"}],"wp:attachment":[{"href":"https:\/\/www.zoomopticas.com.ar\/index.php\/wp-json\/wp\/v2\/media?parent=46"}],"curies":[{"name":"wp","href":"https:\/\/api.w.org\/{rel}","templated":true}]}}