{"id":44,"date":"2020-04-11T19:52:35","date_gmt":"2020-04-11T22:52:35","guid":{"rendered":"https:\/\/www.zoomopticas.com.ar\/?page_id=44"},"modified":"2023-05-12T22:52:11","modified_gmt":"2023-05-13T01:52:11","slug":"contacto","status":"publish","type":"page","link":"https:\/\/www.zoomopticas.com.ar\/index.php\/contacto\/","title":{"rendered":"Visitanos"},"content":{"rendered":"\n<p><strong>En Buenos Aires:<\/strong> Nuestro showroom est\u00e1 ubicado en el barrio de Flores, a tres cuadras de Av Rivadavia. Todas las l\u00edneas de colectivos que pasan por la Plaza te acercan. Tambi\u00e9n poder venir en subte y bajar en la estaci\u00f3n San Pedrito de la l\u00ednea \u00abA\u00bb.<\/p>\n\n\n\n<p><strong>En C\u00f3rdoba:<\/strong> Nuestro showroom se encuentra en el barrio Universitario de Horizonte. Visitas s\u00f3lo con cita previa por WhatsApp! Escribinos para que te enviemos la ubicaci\u00f3n.<\/p>\n\n\n\n<p><\/p>\n","protected":false},"excerpt":{"rendered":"<p>En Buenos Aires: Nuestro showroom est\u00e1 ubicado en el barrio de Flores, a tres cuadras de Av Rivadavia. Todas las l\u00edneas de colectivos que pasan por la Plaza te acercan. Tambi\u00e9n poder venir en subte y bajar en la estaci\u00f3n San Pedrito de la l\u00ednea \u00abA\u00bb. En C\u00f3rdoba: Nuestro showroom se encuentra en el barrio &hellip; <\/p>\n<p class=\"link-more\"><a href=\"https:\/\/www.zoomopticas.com.ar\/index.php\/contacto\/\" class=\"more-link\">Continuar leyendo<span class=\"screen-reader-text\"> \u00abVisitanos\u00bb<\/span><\/a><\/p>\n","protected":false},"author":3,"featured_media":164,"parent":0,"menu_order":0,"comment_status":"closed","ping_status":"closed","template":"","meta":{"_joinchat":[],"footnotes":""},"class_list":["post-44","page","type-page","status-publish","has-post-thumbnail","hentry"],"_links":{"self":[{"href":"https:\/\/www.zoomopticas.com.ar\/index.php\/wp-json\/wp\/v2\/pages\/44","targetHints":{"allow":["GET"]}}],"collection":[{"href":"https:\/\/www.zoomopticas.com.ar\/index.php\/wp-json\/wp\/v2\/pages"}],"about":[{"href":"https:\/\/www.zoomopticas.com.ar\/index.php\/wp-json\/wp\/v2\/types\/page"}],"author":[{"embeddable":true,"href":"https:\/\/www.zoomopticas.com.ar\/index.php\/wp-json\/wp\/v2\/users\/3"}],"replies":[{"embeddable":true,"href":"https:\/\/www.zoomopticas.com.ar\/index.php\/wp-json\/wp\/v2\/comments?post=44"}],"version-history":[{"count":6,"href":"https:\/\/www.zoomopticas.com.ar\/index.php\/wp-json\/wp\/v2\/pages\/44\/revisions"}],"predecessor-version":[{"id":162,"href":"https:\/\/www.zoomopticas.com.ar\/index.php\/wp-json\/wp\/v2\/pages\/44\/revisions\/162"}],"wp:featuredmedia":[{"embeddable":true,"href":"https:\/\/www.zoomopticas.com.ar\/index.php\/wp-json\/wp\/v2\/media\/164"}],"wp:attachment":[{"href":"https:\/\/www.zoomopticas.com.ar\/index.php\/wp-json\/wp\/v2\/media?parent=44"}],"curies":[{"name":"wp","href":"https:\/\/api.w.org\/{rel}","templated":true}]}}